{"id":275,"date":"2007-02-09T12:45:47","date_gmt":"2007-02-09T10:45:47","guid":{"rendered":"https:\/\/www.juvente.ee\/arhiiv\/?page_id=275"},"modified":"2007-02-09T12:47:40","modified_gmt":"2007-02-09T10:47:40","slug":"juvente-kodukord","status":"publish","type":"page","link":"https:\/\/www.juvente.ee\/arhiiv\/?page_id=275","title":{"rendered":"Juvente kodukord"},"content":{"rendered":"<p>JUVENTE KODUKORD<\/p>\n<p>1. MT\u00c3\u0153 Juvente esindus\u00c3\u00b5igused<br \/>\nMT\u00c3\u0153 Juvente liikmete esindus\u00c3\u00b5iguste \u00c3\u00bcle otsustavad ainult t\u00c3\u00a4isliikmed, v\u00c3\u00b5ttes arvesse j\u00c3\u00a4rgmisi kriteeriume: <\/p>\n<p>1.1. seminaridele minejad:<\/p>\n<p>1.1.1. Liikmelisust: t\u00c3\u00a4isliikmel on ees\u00c3\u00b5igus toetaja ees. Auliige ei saa Juventet esindada.<br \/>\n1.1.2. Aktiivsust: arvesse v\u00c3\u00b5etakse seda, milline kandideerija on viimase aja jooksul aktiivsemalt Juvente heaks tegutsenud.<br \/>\n1.1.3. Varasemat osalemist: Juventet esindama p\u00c3\u00bc\u00c3\u00bctakse saata eelneva kahe kriteeriumiga arvestamisel liikmeid, kel on selleks senini v\u00c3\u00a4he v\u00c3\u00b5i \u00c3\u00bcldse mitte v\u00c3\u00b5imalusi olnud.<br \/>\n1.1.4. Kasu Juventele: kui liige on eelnevalt osalenud seminaril, siis vaadatakse kas ta on seminarilt saadut hiljem Juvente huvides v\u00c3\u00b5i kasuks rakendanud.<\/p>\n<p>1.2. Vastuv\u00c3\u00b5ttudele, kongressidele jms minejad:<\/p>\n<p>1.2.1. Esindav liige v\u00c3\u00b5iks olla juhatuse liige, v\u00c3\u00b5i mitme esindaja korral v\u00c3\u00b5iks olla v\u00c3\u00a4hemalt \u00c3\u00bcks esindajatest juhatuse liige.<br \/>\n1.2.2. Esindajal peab olema piisav info ja arusaamine Juvente ideedest, tegevusest, plaanidest.<br \/>\n1.2.3. Esindaja peab olema valmis aktiivselt osalema otsuste tegemisel, st. suhtuma esindus\u00c3\u00bclesandesse vastutustundega (kuulama hoolega \u00c3\u00bcritusel arutatavat, andma toimunut hiljem edasi teistele Juvente liikmetele).   <\/p>\n<p>2. Lihtkoosolek <\/p>\n<p>2.1. Lihtkoosolek on organ, mis toimub v\u00c3\u00a4hemalt \u00c3\u00bcks kord kuus (vajadusel sagedamini), v.a. suveperioodil v\u00c3\u00b5i v\u00c3\u00a4ga t\u00c3\u00b5sistel p\u00c3\u00b5hjustel. Lihtkoosolek moodustub k\u00c3\u00b5ikidest \u00c3\u0153hingu liikmetest, auliikmel on ainult s\u00c3\u00b5na\u00c3\u00b5igus.<br \/>\n2.2. Lihtkoosoleku p\u00c3\u00a4devusse kuuluvad jooksvad k\u00c3\u00bcsimused.<br \/>\n2.3. Lihtkoosoleku tingimused:<br \/>\n2.3.1. Lihtkoosoleku kutsub kokku juhatus oma algatusel v\u00c3\u00b5i v\u00c3\u00a4hemalt 1\/3 liikmete v\u00c3\u00b5i revisjonikomisjoni n\u00c3\u00b5udmisel.<br \/>\n2.3.2. Lihtkoosoleku toimumise kuup\u00c3\u00a4ev, kellaaeg ja koht tuleb liikmetele teatada v\u00c3\u00a4hemalt kaks p\u00c3\u00a4eva enne koosoleku toimumist.<br \/>\n2.3.3. Lihtkoosoleku p\u00c3\u00a4evakord tuleb liikmetele teatavaks teha v\u00c3\u00a4hemalt \u00c3\u00bcks p\u00c3\u00a4ev enne koosoleku toimumist.<br \/>\n2.3.4. Otsus v\u00c3\u00b5etakse lihtkoosolekul vastu, kui pool kohalolijatest ja delegeeritud h\u00c3\u00a4\u00c3\u00a4ltest on poolt.<br \/>\n2.3.5. Koosolekul koostab \u00c3\u00bcks juhatuse liikmetest protokolli.<br \/>\n2.3.6. Lihtkoosoleku otsus j\u00c3\u00b5ustub otsuse tegemise hetkest, kui ei otsustata teisiti. <\/p>\n<p>3. Liikmemaks<\/p>\n<p>3.1. Liikmemaksu kogutakse iga poole aasta tagant<br \/>\n3.2. T\u00c3\u00a4isliikmed maksavad liikmemaksu poolaastas \u00c3\u00bche \u00c3\u00bchiku, toetajad 1,5 \u00c3\u00bchikut. Auliikmetele liikmemaksu kehtestatud pole. <\/p>\n<p>Vastu v\u00c3\u00b5etud lihtkoosoleku otsusega 1. veebruaril 2003 Tartus.<br \/>\nParandatud kongressil 24. jaanuaril 2004 Tartus. <\/p>\n","protected":false},"excerpt":{"rendered":"<p>JUVENTE KODUKORD 1. MT\u00c3\u0153 Juvente esindus\u00c3\u00b5igused MT\u00c3\u0153 Juvente liikmete esindus\u00c3\u00b5iguste \u00c3\u00bcle otsustavad ainult t\u00c3\u00a4isliikmed, v\u00c3\u00b5ttes arvesse j\u00c3\u00a4rgmisi kriteeriume: 1.1. seminaridele minejad: 1.1.1. Liikmelisust: t\u00c3\u00a4isliikmel on ees\u00c3\u00b5igus toetaja ees. Auliige ei saa Juventet esindada. 1.1.2. Aktiivsust: arvesse v\u00c3\u00b5etakse seda, milline kandideerija on viimase aja jooksul aktiivsemalt Juvente heaks tegutsenud. 1.1.3. Varasemat osalemist: Juventet esindama p\u00c3\u00bc\u00c3\u00bctakse saata &hellip; <a href=\"https:\/\/www.juvente.ee\/arhiiv\/?page_id=275\" class=\"more-link\">Loe edasi: <span class=\"screen-reader-text\">Juvente kodukord<\/span><\/a><\/p>\n","protected":false},"author":1,"featured_media":0,"parent":19,"menu_order":0,"comment_status":"closed","ping_status":"closed","template":"page_no_comments.php","meta":[],"_links":{"self":[{"href":"https:\/\/www.juvente.ee\/arhiiv\/index.php?rest_route=\/wp\/v2\/pages\/275"}],"collection":[{"href":"https:\/\/www.juvente.ee\/arhiiv\/index.php?rest_route=\/wp\/v2\/pages"}],"about":[{"href":"https:\/\/www.juvente.ee\/arhiiv\/index.php?rest_route=\/wp\/v2\/types\/page"}],"author":[{"embeddable":true,"href":"https:\/\/www.juvente.ee\/arhiiv\/index.php?rest_route=\/wp\/v2\/users\/1"}],"replies":[{"embeddable":true,"href":"https:\/\/www.juvente.ee\/arhiiv\/index.php?rest_route=%2Fwp%2Fv2%2Fcomments&post=275"}],"version-history":[{"count":0,"href":"https:\/\/www.juvente.ee\/arhiiv\/index.php?rest_route=\/wp\/v2\/pages\/275\/revisions"}],"up":[{"embeddable":true,"href":"https:\/\/www.juvente.ee\/arhiiv\/index.php?rest_route=\/wp\/v2\/pages\/19"}],"wp:attachment":[{"href":"https:\/\/www.juvente.ee\/arhiiv\/index.php?rest_route=%2Fwp%2Fv2%2Fmedia&parent=275"}],"curies":[{"name":"wp","href":"https:\/\/api.w.org\/{rel}","templated":true}]}}